{"id":19812,"date":"2022-11-01T17:11:45","date_gmt":"2022-11-01T10:11:45","guid":{"rendered":"https:\/\/legiavanphongpham.com\/?post_type=product&#038;p=19812"},"modified":"2022-11-01T17:11:45","modified_gmt":"2022-11-01T10:11:45","slug":"may-in-nhan-brother-pt-d600","status":"publish","type":"product","link":"https:\/\/legiavanphongpham.com\/index.php\/product\/may-in-nhan-brother-pt-d600\/","title":{"rendered":"M\u00e1y in nh\u00e3n Brother PT-D600"},"content":{"rendered":"","protected":false},"excerpt":{"rendered":"<div class=\"AsideTitle\">\n<h3>TH\u00d4NG TIN K\u1ef8 THU\u1eacT<\/h3>\n<\/div>\n<div class=\"quickSpecs clearfix\">\n<article id=\"Context\" class=\"Context\">\n<ul class=\"ListStyle1\">\n<li><b>T\u00ean m\u00e1y in:<\/b>\u00a0M\u00e1y in nh\u00e3n Brother PT-D600<\/li>\n<li><b>Lo\u1ea1i m\u00e1y in:<\/b>\u00a0M\u00e1y in nh\u00e3n \u0111\u1ec3 b\u00e0n, c\u00f3 th\u1ec3 di \u0111\u1ed9ng c\u00f3 b\u00e0n ph\u00edm Qwerty<\/li>\n<li><b>Kh\u1ed5 nh\u00e3n\u00a0in:<\/b>\u00a0S\u1eed d\u1ee5ng c\u00e1c kh\u1ed5 3.5 mm, 6 mm, 9 mm, 12 mm, 18 mm, 24 mm<\/li>\n<li><b>T\u1ed1c \u0111\u1ed9 in:<\/b>\u00a030 mm\/s<\/li>\n<li><b>C\u1eaft nh\u00e3n:<\/b>\u00a0T\u1ef1 \u0111\u1ed9ng<\/li>\n<li><b>M\u00e0n h\u00ecnh hi\u1ec3n th\u1ecb:<\/b>\u00a03 d\u00f2ng &#8211; 20 k\u00fd t\u1ef1<\/li>\n<li><b>\u0110\u1ed9 ph\u00e2n gi\u1ea3i:<\/b>\u00a0180 dpi<\/li>\n<li><b>Chu\u1ea9n k\u1ebft n\u1ed1i:<\/b>\u00a0Kh\u00f4ng<\/li>\n<li><b>Ch\u1ee9c n\u0103ng \u0111\u1eb7c bi\u1ec7t:<\/b>\u00a0L\u01b0u 99 nh\u00e3n in nhanh<\/li>\n<li><b>Lo\u1ea1i nh\u00e3n\u00a0s\u1eed d\u1ee5ng:<\/b>\u00a0TZe tape<\/li>\n<li><strong>Ngu\u1ed3n \u0111i\u1ec7n:\u00a0<\/strong>\u00a0Pin AAA (Kh\u00f4ng \u0111i k\u00e8m) or Adapter AD E001 (\u0111i k\u00e8m). K\u1ebft n\u1ed1i PC qua c\u1ed5ng USB.<\/li>\n<\/ul>\n<\/article>\n<\/div>\n","protected":false},"featured_media":19813,"comment_status":"open","ping_status":"closed","template":"","meta":[],"product_brand":[],"product_cat":[287],"product_tag":[],"class_list":{"0":"post-19812","1":"product","2":"type-product","3":"status-publish","4":"has-post-thumbnail","6":"product_cat-may-in-nhan-brother","8":"first","9":"instock","10":"shipping-taxable","11":"product-type-simple"},"_links":{"self":[{"href":"https:\/\/legiavanphongpham.com\/index.php\/wp-json\/wp\/v2\/product\/19812","targetHints":{"allow":["GET"]}}],"collection":[{"href":"https:\/\/legiavanphongpham.com\/index.php\/wp-json\/wp\/v2\/product"}],"about":[{"href":"https:\/\/legiavanphongpham.com\/index.php\/wp-json\/wp\/v2\/types\/product"}],"replies":[{"embeddable":true,"href":"https:\/\/legiavanphongpham.com\/index.php\/wp-json\/wp\/v2\/comments?post=19812"}],"wp:featuredmedia":[{"embeddable":true,"href":"https:\/\/legiavanphongpham.com\/index.php\/wp-json\/wp\/v2\/media\/19813"}],"wp:attachment":[{"href":"https:\/\/legiavanphongpham.com\/index.php\/wp-json\/wp\/v2\/media?parent=19812"}],"wp:term":[{"taxonomy":"product_brand","embeddable":true,"href":"https:\/\/legiavanphongpham.com\/index.php\/wp-json\/wp\/v2\/product_brand?post=19812"},{"taxonomy":"product_cat","embeddable":true,"href":"https:\/\/legiavanphongpham.com\/index.php\/wp-json\/wp\/v2\/product_cat?post=19812"},{"taxonomy":"product_tag","embeddable":true,"href":"https:\/\/legiavanphongpham.com\/index.php\/wp-json\/wp\/v2\/product_tag?post=19812"}],"curies":[{"name":"wp","href":"https:\/\/api.w.org\/{rel}","templated":true}]}}