{"id":19818,"date":"2022-11-01T17:28:44","date_gmt":"2022-11-01T10:28:44","guid":{"rendered":"https:\/\/legiavanphongpham.com\/?post_type=product&#038;p=19818"},"modified":"2022-11-01T17:28:45","modified_gmt":"2022-11-01T10:28:45","slug":"may-in-nhan-brother-pt-p300bt","status":"publish","type":"product","link":"https:\/\/legiavanphongpham.com\/index.php\/product\/may-in-nhan-brother-pt-p300bt\/","title":{"rendered":"M\u00e1y in nh\u00e3n Brother PT-P300BT"},"content":{"rendered":"","protected":false},"excerpt":{"rendered":"<div class=\"AsideTitle mt-0\">\n<h3>TH\u00d4NG TIN NHANH S\u1ea2N PH\u1ea8M<\/h3>\n<\/div>\n<div class=\"quickSpecs clearfix mt-1\">\n<article id=\"Context\" class=\"Context\">\n<ul>\n<li><strong>Model:<\/strong>\u00a0Brother\u00a0PT-P300BT<\/li>\n<li><strong>\u0110\u1ed9 ph\u00e2n gi\u1ea3i:\u00a0<\/strong>180 x 180 dpi<\/li>\n<li><strong>T\u1ed1c \u0111\u1ed9 in:<\/strong>\u00a020mm\/s<\/li>\n<li><strong>C\u1eaft nh\u00e3n:<\/strong>\u00a0Th\u1ee7 C\u00f4ng<\/li>\n<li><strong>Lo\u1ea1i nh\u00e3n in:<\/strong>\u00a0TZe<\/li>\n<li><strong>Kh\u1ed5 nh\u00e3n in:<\/strong>\u00a06mm, 9mm, 12mm (chi\u1ec1u ngang)<\/li>\n<li><strong>Ngu\u1ed3n pin:<\/strong>\u00a06 pin AAA (kh\u00f4ng k\u00e8m m\u00e1y)<\/li>\n<li><strong>Ngu\u1ed3n AC Adapter:<\/strong>\u00a0AD-24ES 9V (kh\u00f4ng k\u00e8m m\u00e1y)<\/li>\n<li><strong>K\u1ebft n\u1ed1i:<\/strong>\u00a0Bluetooth<\/li>\n<li><strong>Ch\u1ee9c n\u0103ng \u0111\u1eb7c bi\u00eat:<\/strong>\u00a0In qua thi\u1ebft b\u1ecb di \u0111\u1ed9ng (Android, iOS); kh\u00f4ng in qua PC; kh\u00f4ng h\u1ed7 tr\u1ee3 in barcode<\/li>\n<li><b>K\u00edch th\u01b0\u1edbc &amp; Tr\u1ecdng l\u01b0\u1ee3ng:<\/b>\u00a0115 x 61 x 115 mm (WxDxH); 380g<\/li>\n<\/ul>\n<\/article>\n<\/div>\n","protected":false},"featured_media":19819,"comment_status":"open","ping_status":"closed","template":"","meta":[],"product_brand":[],"product_cat":[287],"product_tag":[],"class_list":{"0":"post-19818","1":"product","2":"type-product","3":"status-publish","4":"has-post-thumbnail","6":"product_cat-may-in-nhan-brother","8":"first","9":"instock","10":"shipping-taxable","11":"product-type-simple"},"_links":{"self":[{"href":"https:\/\/legiavanphongpham.com\/index.php\/wp-json\/wp\/v2\/product\/19818","targetHints":{"allow":["GET"]}}],"collection":[{"href":"https:\/\/legiavanphongpham.com\/index.php\/wp-json\/wp\/v2\/product"}],"about":[{"href":"https:\/\/legiavanphongpham.com\/index.php\/wp-json\/wp\/v2\/types\/product"}],"replies":[{"embeddable":true,"href":"https:\/\/legiavanphongpham.com\/index.php\/wp-json\/wp\/v2\/comments?post=19818"}],"wp:featuredmedia":[{"embeddable":true,"href":"https:\/\/legiavanphongpham.com\/index.php\/wp-json\/wp\/v2\/media\/19819"}],"wp:attachment":[{"href":"https:\/\/legiavanphongpham.com\/index.php\/wp-json\/wp\/v2\/media?parent=19818"}],"wp:term":[{"taxonomy":"product_brand","embeddable":true,"href":"https:\/\/legiavanphongpham.com\/index.php\/wp-json\/wp\/v2\/product_brand?post=19818"},{"taxonomy":"product_cat","embeddable":true,"href":"https:\/\/legiavanphongpham.com\/index.php\/wp-json\/wp\/v2\/product_cat?post=19818"},{"taxonomy":"product_tag","embeddable":true,"href":"https:\/\/legiavanphongpham.com\/index.php\/wp-json\/wp\/v2\/product_tag?post=19818"}],"curies":[{"name":"wp","href":"https:\/\/api.w.org\/{rel}","templated":true}]}}